{"id":1033,"date":"2022-09-20T10:13:05","date_gmt":"2022-09-20T08:13:05","guid":{"rendered":"https:\/\/www.larrossa.es\/quienes-somos\/"},"modified":"2022-09-20T10:13:06","modified_gmt":"2022-09-20T08:13:06","slug":"quienes-somos","status":"publish","type":"page","link":"https:\/\/www.larrossa.es\/es\/quienes-somos\/","title":{"rendered":"Quienes somos"},"content":{"rendered":"<div class=\"wpb-content-wrapper\"><p>[vc_row unlock_row_content=\u00bbyes\u00bb row_height_percent=\u00bb0&#8243; override_padding=\u00bbyes\u00bb h_padding=\u00bb2&#8243; top_padding=\u00bb7&#8243; bottom_padding=\u00bb4&#8243; back_color=\u00bbcolor-principal\u00bb overlay_alpha=\u00bb50&#8243; gutter_size=\u00bb3&#8243; column_width_percent=\u00bb100&#8243; shift_y=\u00bb0&#8243; z_index=\u00bb0&#8243; uncode_shortcode_id=\u00bb102299&#8243; back_color_type=\u00bbuncode-palette\u00bb][vc_column column_width_percent=\u00bb100&#8243; gutter_size=\u00bb3&#8243; style=\u00bbdark\u00bb overlay_alpha=\u00bb50&#8243; shift_x=\u00bb0&#8243; shift_y=\u00bb0&#8243; shift_y_down=\u00bb0&#8243; z_index=\u00bb0&#8243; medium_width=\u00bb0&#8243; mobile_width=\u00bb0&#8243; width=\u00bb1\/1&#8243; uncode_shortcode_id=\u00bb181040&#8243;][vc_row_inner][vc_column_inner width=\u00bb2\/12&#8243;][\/vc_column_inner][vc_column_inner width=\u00bb8\/12&#8243;][vc_separator sep_color=\u00bbcolor-xsdn\u00bb uncode_shortcode_id=\u00bb803433&#8243; el_width=\u00bb5%\u00bb el_class=\u00bblinea\u00bb el_height=\u00bb5px\u00bb sep_color_type=\u00bbuncode-palette\u00bb][vc_custom_heading text_color=\u00bbcolor-xsdn\u00bb text_size=\u00bbsubstitulo-h2&#8243; uncode_shortcode_id=\u00bb157449&#8243; text_color_type=\u00bbuncode-palette\u00bb]Somos el equipo que le da forma a tus ideas.[\/vc_custom_heading][\/vc_column_inner][vc_column_inner width=\u00bb2\/12&#8243;][\/vc_column_inner][\/vc_row_inner][vc_row_inner][vc_column_inner width=\u00bb2\/12&#8243;][\/vc_column_inner][vc_column_inner column_width_percent=\u00bb100&#8243; align_horizontal=\u00bbalign_right\u00bb gutter_size=\u00bb3&#8243; overlay_alpha=\u00bb50&#8243; shift_x=\u00bb0&#8243; shift_y=\u00bb0&#8243; shift_y_down=\u00bb0&#8243; z_index=\u00bb0&#8243; medium_width=\u00bb0&#8243; mobile_width=\u00bb0&#8243; width=\u00bb8\/12&#8243; uncode_shortcode_id=\u00bb119726&#8243;][vc_button button_color=\u00bbcolor-xsdn\u00bb hover_fx=\u00bboutlined\u00bb outline=\u00bbyes\u00bb border_width=\u00bb0&#8243; uncode_shortcode_id=\u00bb121486&#8243; link=\u00bburl:http%3A%2F%2Fwww.larrossa.es%2F|title:Inicio\u00bb button_color_type=\u00bbuncode-palette\u00bb el_class=\u00bbboton-blanco\u00bb]Ver proyectos[\/vc_button][\/vc_column_inner][vc_column_inner width=\u00bb2\/12&#8243;][\/vc_column_inner][\/vc_row_inner][\/vc_column][\/vc_row][vc_row row_height_percent=\u00bb0&#8243; override_padding=\u00bbyes\u00bb h_padding=\u00bb2&#8243; top_padding=\u00bb3&#8243; bottom_padding=\u00bb3&#8243; back_color=\u00bbcolor-principal\u00bb overlay_alpha=\u00bb50&#8243; gutter_size=\u00bb3&#8243; column_width_percent=\u00bb100&#8243; shift_y=\u00bb0&#8243; z_index=\u00bb0&#8243; bottom_divider=\u00bbgradient\u00bb uncode_shortcode_id=\u00bb102917&#8243; back_color_type=\u00bbuncode-palette\u00bb][vc_column column_width_percent=\u00bb100&#8243; gutter_size=\u00bb3&#8243; style=\u00bbdark\u00bb overlay_alpha=\u00bb50&#8243; shift_x=\u00bb0&#8243; shift_y=\u00bb0&#8243; shift_y_down=\u00bb0&#8243; z_index=\u00bb0&#8243; medium_width=\u00bb0&#8243; mobile_width=\u00bb0&#8243; width=\u00bb1\/1&#8243; uncode_shortcode_id=\u00bb199848&#8243;][vc_gallery el_id=\u00bbgallery-113519&#8243; type=\u00bbcarousel\u00bb medias=\u00bb316,321,318,319,320,322&#8243; carousel_lg=\u00bb1&#8243; carousel_md=\u00bb1&#8243; carousel_sm=\u00bb1&#8243; thumb_size=\u00bbtwo-one\u00bb gutter_size=\u00bb4&#8243; media_items=\u00bbmedia|lightbox|original,category\u00bb carousel_interval=\u00bb5000&#8243; carousel_navspeed=\u00bb400&#8243; carousel_loop=\u00bbyes\u00bb carousel_overflow=\u00bbyes\u00bb carousel_dots=\u00bbyes\u00bb carousel_dots_space=\u00bbyes\u00bb carousel_dots_mobile=\u00bbyes\u00bb stage_padding=\u00bb0&#8243; single_overlay_opacity=\u00bb50&#8243; single_overlay_anim=\u00bbno\u00bb single_text_anim=\u00bbno\u00bb single_image_anim=\u00bbno\u00bb single_h_align=\u00bbcenter\u00bb single_padding=\u00bb2&#8243; single_border=\u00bbyes\u00bb uncode_shortcode_id=\u00bb155005&#8243;][\/vc_column][\/vc_row][vc_row row_height_percent=\u00bb0&#8243; override_padding=\u00bbyes\u00bb h_padding=\u00bb2&#8243; top_padding=\u00bb5&#8243; bottom_padding=\u00bb7&#8243; overlay_alpha=\u00bb50&#8243; gutter_size=\u00bb4&#8243; column_width_percent=\u00bb100&#8243; shift_y=\u00bb0&#8243; z_index=\u00bb0&#8243; uncode_shortcode_id=\u00bb174463&#8243;][vc_column width=\u00bb1\/2&#8243;][vc_custom_heading heading_semantic=\u00bbh3&#8243; text_size=\u00bbseccion-h3&#8243; uncode_shortcode_id=\u00bb143755&#8243;]Amplia experiencia, talento y creatividad[\/vc_custom_heading][vc_column_text uncode_shortcode_id=\u00bb166010&#8243; el_class=\u00bbancho-texto\u00bb]Llevamos un riguroso seguimiento en la fabricaci\u00f3n de las piezas, siempre prestando atenci\u00f3n al detalle y a la formalidad en los trabajos de colocaci\u00f3n para obtener resultados de alta calidad.<\/p>\n<p>Somos competitivos. Larrossa es una carpinter\u00eda ya consolidada, pero trabajamos en una mejora continua, para optimizar recursos y mejorar en cada proyecto los resultados.[\/vc_column_text][vc_empty_space empty_h=\u00bb2&#8243;][\/vc_column][vc_column width=\u00bb1\/2&#8243;][vc_custom_heading heading_semantic=\u00bbh3&#8243; text_size=\u00bbseccion-h3&#8243; uncode_shortcode_id=\u00bb187076&#8243;]Un equipo comprometido con los clientes y proyectos[\/vc_custom_heading][vc_column_text uncode_shortcode_id=\u00bb119429&#8243; el_class=\u00bbancho-texto\u00bb]Realizamos nuestro trabajo con responsabilidad, honestidad y garant\u00eda de calidad.<\/p>\n<p>Trabajamos en una mejora continua, para lograr la confianza y lealtad de clientes y proveedores, comprometi\u00e9ndonos con ellos, con la sociedad y el medio ambiente.[\/vc_column_text][vc_empty_space empty_h=\u00bb2&#8243;][vc_empty_space empty_h=\u00bb3&#8243; desktop_visibility=\u00bbyes\u00bb][\/vc_column][\/vc_row][vc_row row_height_percent=\u00bb70&#8243; override_padding=\u00bbyes\u00bb h_padding=\u00bb2&#8243; top_padding=\u00bb0&#8243; bottom_padding=\u00bb7&#8243; back_color=\u00bbcolor-principal\u00bb back_image=\u00bb324&#8243; overlay_alpha=\u00bb50&#8243; gutter_size=\u00bb3&#8243; column_width_percent=\u00bb100&#8243; shift_y=\u00bb0&#8243; z_index=\u00bb0&#8243; uncode_shortcode_id=\u00bb187452&#8243; back_color_type=\u00bbuncode-palette\u00bb][vc_column column_width_percent=\u00bb100&#8243; align_horizontal=\u00bbalign_center\u00bb gutter_size=\u00bb3&#8243; overlay_alpha=\u00bb50&#8243; shift_x=\u00bb0&#8243; shift_y=\u00bb0&#8243; shift_y_down=\u00bb0&#8243; z_index=\u00bb0&#8243; medium_width=\u00bb0&#8243; mobile_width=\u00bb0&#8243; width=\u00bb1\/1&#8243; uncode_shortcode_id=\u00bb175975&#8243;][vc_row_inner][vc_column_inner column_width_percent=\u00bb100&#8243; align_horizontal=\u00bbalign_center\u00bb gutter_size=\u00bb3&#8243; override_padding=\u00bbyes\u00bb column_padding=\u00bb4&#8243; back_color=\u00bbcolor-secundario\u00bb overlay_alpha=\u00bb50&#8243; shift_x=\u00bb0&#8243; shift_y=\u00bb-5&#8243; shift_y_fixed=\u00bbyes\u00bb shift_y_down=\u00bb0&#8243; z_index=\u00bb0&#8243; medium_width=\u00bb0&#8243; mobile_width=\u00bb0&#8243; width=\u00bb1\/1&#8243; uncode_shortcode_id=\u00bb167821&#8243; back_color_type=\u00bbuncode-palette\u00bb][vc_custom_heading heading_semantic=\u00bbh3&#8243; text_size=\u00bbseccion-h3&#8243; uncode_shortcode_id=\u00bb895677&#8243;]Transformamos tus ideas optimizando los resultados[\/vc_custom_heading][\/vc_column_inner][\/vc_row_inner][\/vc_column][\/vc_row][vc_row unlock_row_content=\u00bbyes\u00bb row_height_percent=\u00bb0&#8243; override_padding=\u00bbyes\u00bb h_padding=\u00bb2&#8243; top_padding=\u00bb3&#8243; bottom_padding=\u00bb3&#8243; back_color=\u00bbcolor-verde\u00bb overlay_alpha=\u00bb50&#8243; gutter_size=\u00bb3&#8243; column_width_percent=\u00bb100&#8243; shift_y=\u00bb0&#8243; z_index=\u00bb0&#8243; uncode_shortcode_id=\u00bb579804&#8243; back_color_type=\u00bbuncode-palette\u00bb][vc_column column_width_percent=\u00bb100&#8243; gutter_size=\u00bb3&#8243; overlay_alpha=\u00bb50&#8243; shift_x=\u00bb0&#8243; shift_y=\u00bb0&#8243; shift_y_down=\u00bb0&#8243; z_index=\u00bb0&#8243; medium_width=\u00bb0&#8243; mobile_width=\u00bb0&#8243; width=\u00bb1\/4&#8243; uncode_shortcode_id=\u00bb167234&#8243;][\/vc_column][vc_column column_width_percent=\u00bb100&#8243; align_horizontal=\u00bbalign_center\u00bb gutter_size=\u00bb3&#8243; overlay_alpha=\u00bb50&#8243; shift_x=\u00bb0&#8243; shift_y=\u00bb0&#8243; shift_y_down=\u00bb0&#8243; z_index=\u00bb0&#8243; medium_width=\u00bb0&#8243; mobile_width=\u00bb0&#8243; width=\u00bb1\/2&#8243; uncode_shortcode_id=\u00bb853582&#8243;][vc_custom_heading text_color=\u00bbcolor-xsdn\u00bb heading_semantic=\u00bbh4&#8243; text_size=\u00bbsubstitulo-h4&#8243; uncode_shortcode_id=\u00bb552678&#8243; text_color_type=\u00bbuncode-palette\u00bb]La madera es un material con un bajo impacto medioambiental que nos conecta con la naturaleza[\/vc_custom_heading][\/vc_column][vc_column width=\u00bb1\/4&#8243;][\/vc_column][\/vc_row][vc_row row_height_percent=\u00bb0&#8243; override_padding=\u00bbyes\u00bb h_padding=\u00bb2&#8243; top_padding=\u00bb5&#8243; bottom_padding=\u00bb4&#8243; overlay_alpha=\u00bb50&#8243; gutter_size=\u00bb3&#8243; column_width_percent=\u00bb100&#8243; shift_y=\u00bb0&#8243; z_index=\u00bb0&#8243; uncode_shortcode_id=\u00bb126374&#8243;][vc_column column_width_percent=\u00bb100&#8243; align_horizontal=\u00bbalign_center\u00bb gutter_size=\u00bb3&#8243; overlay_alpha=\u00bb50&#8243; shift_x=\u00bb0&#8243; shift_y=\u00bb0&#8243; shift_y_down=\u00bb0&#8243; z_index=\u00bb0&#8243; medium_width=\u00bb0&#8243; mobile_width=\u00bb0&#8243; width=\u00bb1\/4&#8243; uncode_shortcode_id=\u00bb927225&#8243;][\/vc_column][vc_column column_width_percent=\u00bb100&#8243; align_horizontal=\u00bbalign_center\u00bb gutter_size=\u00bb3&#8243; overlay_alpha=\u00bb50&#8243; shift_x=\u00bb0&#8243; shift_y=\u00bb0&#8243; shift_y_down=\u00bb0&#8243; z_index=\u00bb0&#8243; medium_width=\u00bb0&#8243; mobile_width=\u00bb0&#8243; width=\u00bb1\/2&#8243; uncode_shortcode_id=\u00bb130640&#8243;][vc_custom_heading heading_semantic=\u00bbh3&#8243; text_size=\u00bbseccion-h3&#8243; uncode_shortcode_id=\u00bb173987&#8243;]\u00bfQuieres conocernos?[\/vc_custom_heading][vc_button hover_fx=\u00bboutlined\u00bb outline=\u00bbyes\u00bb border_width=\u00bb0&#8243; uncode_shortcode_id=\u00bb274760&#8243; link=\u00bburl:mailto%3Ainfo%40larrossa.es\u00bb]ESCR\u00cdBENOS[\/vc_button][\/vc_column][vc_column width=\u00bb1\/4&#8243;][\/vc_column][\/vc_row][vc_row unlock_row_content=\u00bbyes\u00bb row_height_percent=\u00bb70&#8243; override_padding=\u00bbyes\u00bb h_padding=\u00bb2&#8243; top_padding=\u00bb7&#8243; bottom_padding=\u00bb7&#8243; back_image=\u00bb325&#8243; overlay_alpha=\u00bb50&#8243; gutter_size=\u00bb3&#8243; column_width_percent=\u00bb100&#8243; shift_y=\u00bb0&#8243; z_index=\u00bb0&#8243; uncode_shortcode_id=\u00bb140425&#8243;][vc_column column_width_percent=\u00bb100&#8243; align_horizontal=\u00bbalign_center\u00bb gutter_size=\u00bb3&#8243; overlay_alpha=\u00bb50&#8243; shift_x=\u00bb0&#8243; shift_y=\u00bb0&#8243; shift_y_down=\u00bb0&#8243; z_index=\u00bb0&#8243; medium_width=\u00bb0&#8243; mobile_width=\u00bb0&#8243; width=\u00bb1\/4&#8243; uncode_shortcode_id=\u00bb927225&#8243;][\/vc_column][vc_column column_width_percent=\u00bb100&#8243; position_vertical=\u00bbmiddle\u00bb align_horizontal=\u00bbalign_center\u00bb gutter_size=\u00bb3&#8243; overlay_alpha=\u00bb50&#8243; shift_x=\u00bb0&#8243; shift_y=\u00bb0&#8243; shift_y_down=\u00bb0&#8243; z_index=\u00bb0&#8243; medium_width=\u00bb0&#8243; mobile_width=\u00bb0&#8243; width=\u00bb1\/2&#8243; uncode_shortcode_id=\u00bb911938&#8243;][vc_custom_heading text_color=\u00bbcolor-xsdn\u00bb heading_semantic=\u00bbh3&#8243; text_size=\u00bbseccion-h3&#8243; uncode_shortcode_id=\u00bb103569&#8243; text_color_type=\u00bbuncode-palette\u00bb]Fabricamos productos de alta calidad y buenos acabados, porque cuidamos mucho el detalle[\/vc_custom_heading][\/vc_column][vc_column width=\u00bb1\/4&#8243;][\/vc_column][\/vc_row]<\/p>\n<\/div>","protected":false},"excerpt":{"rendered":"<p>[vc_row unlock_row_content=\u00bbyes\u00bb row_height_percent=\u00bb0&#8243; override_padding=\u00bbyes\u00bb h_padding=\u00bb2&#8243; top_padding=\u00bb7&#8243; bottom_padding=\u00bb4&#8243; back_color=\u00bbcolor-principal\u00bb overlay_alpha=\u00bb50&#8243; gutter_size=\u00bb3&#8243; column_width_percent=\u00bb100&#8243; shift_y=\u00bb0&#8243; z_index=\u00bb0&#8243; uncode_shortcode_id=\u00bb102299&#8243; back_color_type=\u00bbuncode-palette\u00bb][vc_column column_width_percent=\u00bb100&#8243; gutter_size=\u00bb3&#8243; style=\u00bbdark\u00bb overlay_alpha=\u00bb50&#8243; shift_x=\u00bb0&#8243; [&hellip;]<\/p>\n","protected":false},"author":1,"featured_media":0,"parent":0,"menu_order":0,"comment_status":"closed","ping_status":"closed","template":"","meta":{"footnotes":""},"class_list":["post-1033","page","type-page","status-publish","hentry"],"yoast_head":"<!-- This site is optimized with the Yoast SEO plugin v27.4 - https:\/\/yoast.com\/product\/yoast-seo-wordpress\/ -->\n<title>Quienes somos - Carpinter\u00eda Larrossa<\/title>\n<meta name=\"description\" content=\"Somos el equipo que le da forma a tus ideas. Un equipo comprometido con los clientes y proyectos Amplia experiencia, talento y creatividad\" \/>\n<meta name=\"robots\" content=\"index, follow, max-snippet:-1, max-image-preview:large, max-video-preview:-1\" \/>\n<link rel=\"canonical\" href=\"https:\/\/www.larrossa.es\/es\/quienes-somos\/\" \/>\n<meta property=\"og:locale\" content=\"es_ES\" \/>\n<meta property=\"og:type\" content=\"article\" \/>\n<meta property=\"og:title\" content=\"Quienes somos - Carpinter\u00eda Larrossa\" \/>\n<meta property=\"og:description\" content=\"Somos el equipo que le da forma a tus ideas. Un equipo comprometido con los clientes y proyectos Amplia experiencia, talento y creatividad\" \/>\n<meta property=\"og:url\" content=\"https:\/\/www.larrossa.es\/es\/quienes-somos\/\" \/>\n<meta property=\"og:site_name\" content=\"Carpinter\u00eda Larrossa\" \/>\n<meta property=\"article:modified_time\" content=\"2022-09-20T08:13:06+00:00\" \/>\n<meta name=\"twitter:card\" content=\"summary_large_image\" \/>\n<meta name=\"twitter:label1\" content=\"Tiempo de lectura\" \/>\n\t<meta name=\"twitter:data1\" content=\"6 minutos\" \/>\n<script type=\"application\/ld+json\" class=\"yoast-schema-graph\">{\"@context\":\"https:\\\/\\\/schema.org\",\"@graph\":[{\"@type\":\"WebPage\",\"@id\":\"https:\\\/\\\/www.larrossa.es\\\/es\\\/quienes-somos\\\/\",\"url\":\"https:\\\/\\\/www.larrossa.es\\\/es\\\/quienes-somos\\\/\",\"name\":\"Quienes somos - Carpinter\u00eda Larrossa\",\"isPartOf\":{\"@id\":\"https:\\\/\\\/www.larrossa.es\\\/es\\\/#website\"},\"datePublished\":\"2022-09-20T08:13:05+00:00\",\"dateModified\":\"2022-09-20T08:13:06+00:00\",\"description\":\"Somos el equipo que le da forma a tus ideas. Un equipo comprometido con los clientes y proyectos Amplia experiencia, talento y creatividad\",\"breadcrumb\":{\"@id\":\"https:\\\/\\\/www.larrossa.es\\\/es\\\/quienes-somos\\\/#breadcrumb\"},\"inLanguage\":\"es\",\"potentialAction\":[{\"@type\":\"ReadAction\",\"target\":[\"https:\\\/\\\/www.larrossa.es\\\/es\\\/quienes-somos\\\/\"]}]},{\"@type\":\"BreadcrumbList\",\"@id\":\"https:\\\/\\\/www.larrossa.es\\\/es\\\/quienes-somos\\\/#breadcrumb\",\"itemListElement\":[{\"@type\":\"ListItem\",\"position\":1,\"name\":\"Portada\",\"item\":\"https:\\\/\\\/www.larrossa.es\\\/es\\\/inicio\\\/\"},{\"@type\":\"ListItem\",\"position\":2,\"name\":\"Quienes somos\"}]},{\"@type\":\"WebSite\",\"@id\":\"https:\\\/\\\/www.larrossa.es\\\/es\\\/#website\",\"url\":\"https:\\\/\\\/www.larrossa.es\\\/es\\\/\",\"name\":\"Carpinter\u00eda Larrossa\",\"description\":\"Carpinter\u00eda en Pontevedra\",\"potentialAction\":[{\"@type\":\"SearchAction\",\"target\":{\"@type\":\"EntryPoint\",\"urlTemplate\":\"https:\\\/\\\/www.larrossa.es\\\/es\\\/?s={search_term_string}\"},\"query-input\":{\"@type\":\"PropertyValueSpecification\",\"valueRequired\":true,\"valueName\":\"search_term_string\"}}],\"inLanguage\":\"es\"}]}<\/script>\n<!-- \/ Yoast SEO plugin. -->","yoast_head_json":{"title":"Quienes somos - Carpinter\u00eda Larrossa","description":"Somos el equipo que le da forma a tus ideas. Un equipo comprometido con los clientes y proyectos Amplia experiencia, talento y creatividad","robots":{"index":"index","follow":"follow","max-snippet":"max-snippet:-1","max-image-preview":"max-image-preview:large","max-video-preview":"max-video-preview:-1"},"canonical":"https:\/\/www.larrossa.es\/es\/quienes-somos\/","og_locale":"es_ES","og_type":"article","og_title":"Quienes somos - Carpinter\u00eda Larrossa","og_description":"Somos el equipo que le da forma a tus ideas. Un equipo comprometido con los clientes y proyectos Amplia experiencia, talento y creatividad","og_url":"https:\/\/www.larrossa.es\/es\/quienes-somos\/","og_site_name":"Carpinter\u00eda Larrossa","article_modified_time":"2022-09-20T08:13:06+00:00","twitter_card":"summary_large_image","twitter_misc":{"Tiempo de lectura":"6 minutos"},"schema":{"@context":"https:\/\/schema.org","@graph":[{"@type":"WebPage","@id":"https:\/\/www.larrossa.es\/es\/quienes-somos\/","url":"https:\/\/www.larrossa.es\/es\/quienes-somos\/","name":"Quienes somos - Carpinter\u00eda Larrossa","isPartOf":{"@id":"https:\/\/www.larrossa.es\/es\/#website"},"datePublished":"2022-09-20T08:13:05+00:00","dateModified":"2022-09-20T08:13:06+00:00","description":"Somos el equipo que le da forma a tus ideas. Un equipo comprometido con los clientes y proyectos Amplia experiencia, talento y creatividad","breadcrumb":{"@id":"https:\/\/www.larrossa.es\/es\/quienes-somos\/#breadcrumb"},"inLanguage":"es","potentialAction":[{"@type":"ReadAction","target":["https:\/\/www.larrossa.es\/es\/quienes-somos\/"]}]},{"@type":"BreadcrumbList","@id":"https:\/\/www.larrossa.es\/es\/quienes-somos\/#breadcrumb","itemListElement":[{"@type":"ListItem","position":1,"name":"Portada","item":"https:\/\/www.larrossa.es\/es\/inicio\/"},{"@type":"ListItem","position":2,"name":"Quienes somos"}]},{"@type":"WebSite","@id":"https:\/\/www.larrossa.es\/es\/#website","url":"https:\/\/www.larrossa.es\/es\/","name":"Carpinter\u00eda Larrossa","description":"Carpinter\u00eda en Pontevedra","potentialAction":[{"@type":"SearchAction","target":{"@type":"EntryPoint","urlTemplate":"https:\/\/www.larrossa.es\/es\/?s={search_term_string}"},"query-input":{"@type":"PropertyValueSpecification","valueRequired":true,"valueName":"search_term_string"}}],"inLanguage":"es"}]}},"_links":{"self":[{"href":"https:\/\/www.larrossa.es\/es\/wp-json\/wp\/v2\/pages\/1033","targetHints":{"allow":["GET"]}}],"collection":[{"href":"https:\/\/www.larrossa.es\/es\/wp-json\/wp\/v2\/pages"}],"about":[{"href":"https:\/\/www.larrossa.es\/es\/wp-json\/wp\/v2\/types\/page"}],"author":[{"embeddable":true,"href":"https:\/\/www.larrossa.es\/es\/wp-json\/wp\/v2\/users\/1"}],"replies":[{"embeddable":true,"href":"https:\/\/www.larrossa.es\/es\/wp-json\/wp\/v2\/comments?post=1033"}],"version-history":[{"count":2,"href":"https:\/\/www.larrossa.es\/es\/wp-json\/wp\/v2\/pages\/1033\/revisions"}],"predecessor-version":[{"id":1035,"href":"https:\/\/www.larrossa.es\/es\/wp-json\/wp\/v2\/pages\/1033\/revisions\/1035"}],"wp:attachment":[{"href":"https:\/\/www.larrossa.es\/es\/wp-json\/wp\/v2\/media?parent=1033"}],"curies":[{"name":"wp","href":"https:\/\/api.w.org\/{rel}","templated":true}]}}